{"id":3039,"date":"2023-04-04T10:41:15","date_gmt":"2023-04-04T10:41:15","guid":{"rendered":"https:\/\/hotelcostabella.com\/ubicacion\/"},"modified":"2023-08-23T14:14:31","modified_gmt":"2023-08-23T14:14:31","slug":"ubicacion","status":"publish","type":"page","link":"https:\/\/hotelcostabella.com\/es\/ubicacion\/","title":{"rendered":"Ubicaci\u00f3n"},"content":{"rendered":"\n<p class=\"intro\">El Hotel est\u00e1 situado en la zona norte de Girona, en una zona tranquila, en la entrada de la ciudad, rodeada de jardines, muy cerca del casco antiguo y justo enfrente del hospital Josep Trueta.<\/p>\n\n<p>El Pabell\u00f3n de deportes de Girona-Fontajau dista tan solo 500 metros, y el Celler de Can Roca, 1 kil\u00f3metro. A pie, son tan solo unos 15 minutos hasta la catedral de Girona y el Palau Firal-Auditori. <\/p>\n\n<p>El Hotel Costabella es el emplazamiento perfecto como campo base para visitar no solo la ciudad de Girona, sino tambi\u00e9n toda la provincia. Tiene una buena ubicaci\u00f3n para acceder f\u00e1cilmente a las carreteras principales en direcci\u00f3n al lago de Banyoles, las playas de la Costa Brava: desde Lloret a Cadaqu\u00e9s; y otros lugares con encanto como Besal\u00fa, la zona volc\u00e1nica de la Garrotxa, el museo Dal\u00ed de Figueres y el Castillo de Sant Ferran. <\/p>\n\n<h2 class=\"wp-block-heading\">\u00bfC\u00f3mo llegar?<\/h2>\n\n<h3 class=\"wp-block-heading\">En coche<\/h3>\n\n<p>F\u00e1cil acceso por la AP-7. Si vienes desde Barcelona, deber\u00e1s salir en la Salida 6B (Girona Oeste). Si vienes desde Francia, tome la Salida 6 (Girona Norte). Sigue las se\u00f1alizaciones que encontrar\u00e1s por el camino, que indican d\u00f3nde se encuentra el Hotel Costabella***.   <\/p>\n\n<h3 class=\"wp-block-heading\">En tren<\/h3>\n\n<p>Si vienes en tren (AVE o tren normal) llegar\u00e1s a la Estaci\u00f3n de Girona. Desde all\u00ed deber\u00e1s tomar el Bus L\u00ednea 2 y parar en la parada \u00abRotonda Vila de Perpiny\u00e0\u00bb (son 15 minutos). Si no, tambi\u00e9n puedes tomar un taxi (tardar\u00e1s unos 10 minutos).  <\/p>\n\n<h3 class=\"wp-block-heading\">En bus<\/h3>\n\n<p>Si vienes desde el sur (Barcelona) o desde el norte (Figueres) tienes diferentes opciones. Te recomendamos mirar los horarios de bus de la empresa <a href=\"https:\/\/www.sagales.com\/\" target=\"_blank\" rel=\"noreferrer noopener nofollow\">Sagal\u00e9s<\/a>.  En todos los casos deber\u00e1s parar en la parada de bus \u00abHospital Trueta\u00bb.<\/p>\n\n<p>Si ten\u00e9is que tomar el bus urbano, entonces la l\u00ednea que os interesa es la <a href=\"https:\/\/www.girona.cat\/bus\/cat\/L2.php\" target=\"_blank\" rel=\"noreferrer noopener nofollow\">L\u00ednea 2.<\/a> En ese caso, deb\u00e9is bajar en la parada \u00abRotonda Vila de Perpiny\u00e0\u00bb, que est\u00e1 justo enfrente del hotel.<\/p>\n\n<h3 class=\"wp-block-heading\">Desde el Aeropuerto de Girona<\/h3>\n\n<p>Si lleg\u00e1is a Girona en avi\u00f3n, llegar\u00e9is al Aeropuerto de Girona &#8211; Costa Brava, que est\u00e1 en Vilob\u00ed d\u2019Onyar. La manera m\u00e1s r\u00e1pida y c\u00f3moda de llegar al hotel, en este caso, es tomar un taxi desde el mismo aeropuerto. Tardar\u00e1 unos 15 minutos hasta el hotel.  <\/p>\n\n<p>Si no, existe la opci\u00f3n de tomar el bus:<\/p>\n\n<ul class=\"wp-block-list\">\n<li>Opci\u00f3n 1: l\u00ednea de autob\u00fas 602\/603. Va desde la parada del Hospital Josep Trueta (frente al hotel) al aeropuerto. Hay 3 salidas: ma\u00f1ana, mediod\u00eda y tarde. Tarda unos 50 minutos y tiene un precio aproximado de 3 \u20ac por persona.   <\/li>\n\n\n\n<li>Opci\u00f3n 2: Desde la parada de autob\u00fas frente al hotel (\u00abRotonda Vila de Perpiny\u00e0\u00bb) deber\u00e1 tomar la L\u00ednea 2 del bus urbano hasta la estaci\u00f3n de buses de Girona (15 minutos aprox. \/ 1,40 \u20ac por persona). Desde la estaci\u00f3n de Girona dispone de 3 l\u00edneas de autob\u00fas para llegar al aeropuerto: 601\/607 \/ L-28. 601 (30 minutos aprox. \/ 2,75 \u20ac por persona).  <\/li>\n<\/ul>\n","protected":false},"excerpt":{"rendered":"<p>El Hotel est\u00e1 situado en la zona norte de Girona, en una zona tranquila, en la entrada de la ciudad, rodeada de jardines, muy cerca del casco antiguo y justo enfrente del hospital Josep Trueta. El Pabell\u00f3n de deportes de Girona-Fontajau dista tan solo 500 metros, y el Celler de Can Roca, 1 kil\u00f3metro. A [&hellip;]<\/p>\n","protected":false},"author":1,"featured_media":0,"parent":0,"menu_order":-6,"comment_status":"closed","ping_status":"closed","template":"","meta":{"footnotes":""},"tipus-pagina":[],"class_list":["post-3039","page","type-page","status-publish","hentry"],"meta_box":{"general-config_header":{"general-config_header--inverted":"No"}},"_links":{"self":[{"href":"https:\/\/hotelcostabella.com\/es\/wp-json\/wp\/v2\/pages\/3039","targetHints":{"allow":["GET"]}}],"collection":[{"href":"https:\/\/hotelcostabella.com\/es\/wp-json\/wp\/v2\/pages"}],"about":[{"href":"https:\/\/hotelcostabella.com\/es\/wp-json\/wp\/v2\/types\/page"}],"author":[{"embeddable":true,"href":"https:\/\/hotelcostabella.com\/es\/wp-json\/wp\/v2\/users\/1"}],"replies":[{"embeddable":true,"href":"https:\/\/hotelcostabella.com\/es\/wp-json\/wp\/v2\/comments?post=3039"}],"version-history":[{"count":0,"href":"https:\/\/hotelcostabella.com\/es\/wp-json\/wp\/v2\/pages\/3039\/revisions"}],"wp:attachment":[{"href":"https:\/\/hotelcostabella.com\/es\/wp-json\/wp\/v2\/media?parent=3039"}],"wp:term":[{"taxonomy":"tipus-pagina","embeddable":true,"href":"https:\/\/hotelcostabella.com\/es\/wp-json\/wp\/v2\/tipus-pagina?post=3039"}],"curies":[{"name":"wp","href":"https:\/\/api.w.org\/{rel}","templated":true}]}}