{"id":3020,"date":"2023-04-04T10:41:15","date_gmt":"2023-04-04T10:41:15","guid":{"rendered":"https:\/\/hotelcostabella.com\/location\/"},"modified":"2023-08-18T10:20:48","modified_gmt":"2023-08-18T10:20:48","slug":"location","status":"publish","type":"page","link":"https:\/\/hotelcostabella.com\/en\/location\/","title":{"rendered":"Location"},"content":{"rendered":"\n<p class=\"intro\">The hotel is located in the northern part of Girona, in a quiet area at the gateway to the city surrounded by gardens, very close to the old town and opposite the Josep Trueta hospital.<\/p>\n\n<p>The Girona-Fontajau Sports Hall lies only 500 metres away and the Celler de Can Roca is situated 1 kilometre away. It\u2019s only about 15 minutes on foot from Girona Cathedral and the Feral Palace-Auditorium. <\/p>\n\n<p>The Hotel Costabella is the ideal location as a base camp for visiting not only the city of Girona, but also the entire province. It\u2019s excellently situated for easy access to the main roads towards Banyoles Lake and the beaches of the Costa Brava, from Lloret to Cadaqu\u00e9s, as well as other charming places such as Besal\u00fa, the Garrotxa Volcanic Zone, the Dal\u00ed Museum in Figueres and Sant Ferran Castle. <\/p>\n\n<h2 class=\"wp-block-heading\">How to get here?<\/h2>\n\n<h3 class=\"wp-block-heading\">By car<\/h3>\n\n<p>Easy access along the AP-7. If you\u2019re coming from Barcelona, you should turn off at Exit 6B (Girona Oest). If you\u2019re coming from France, turn off at Exit 6 (Girona Nord). Follow the signs to be found along the way showing where Hotel Costabella*** is located.   <\/p>\n\n<h3 class=\"wp-block-heading\">By train<\/h3>\n\n<p>If you come by train, by the high-speed or regular service, you\u2019ll arrive at Girona Station. From there you should take bus Line 2 and get off at the Rotonda Vila de Perpiny\u00e0 stop (it takes 15 minutes). Otherwise, you can take a taxi (it takes about 10 minutes).  <\/p>\n\n<h3 class=\"wp-block-heading\">By bus<\/h3>\n\n<p>If you come from the south (Barcelona) or north (Figueres) there are different options. We recommend taking a look at the <a href=\"https:\/\/www.sagales.com\/\" target=\"_blank\" rel=\"noreferrer noopener nofollow\">Segal\u00e9s<\/a> company bus timetables.  In all cases you should get off at the Hospital Trueta stop.<\/p>\n\n<p>If you have to take the urban bus, you\u2019ll need <a href=\"https:\/\/www.girona.cat\/bus\/cat\/L2.php\" target=\"_blank\" rel=\"noreferrer noopener nofollow\">Line 2<\/a>. In this case, you should get off at the Rotonda Vila de Perpiny\u00e0 stop in front of the hotel.<\/p>\n\n<h3 class=\"wp-block-heading\">From Girona Airport<\/h3>\n\n<p>If you arrive in Girona by plane, you\u2019ll land at Girona &#8211; Costa Brava Airport located in Vilob\u00ed d\u2019Onyar. The fastest and most convenient way of getting to the hotel in this case is to take a taxi from the airport. It will take you about 15 minutes to get to the hotel.  <\/p>\n\n<p>If not, you can take the bus:<\/p>\n\n<ul class=\"wp-block-list\">\n<li>Option 1: line 602\/603. This goes from the Josep Trueta Hospital stop in front of the hotel, to the airport. There are three departure times: morning, midday and afternoon. It takes about 50 minutes \/ and costs about \u20ac3.00 per person.   <\/li>\n\n\n\n<li>Option 2: From the bus stop in front of the hotel (Rotonda Vila de Perpiny\u00e0) you\u2019ll need to take urban bus Line 2 to Girona bus station (about 15 minutes \/ \u20ac1.40 \/ person). From Girona station there are three bus lines to get to the airport: 601\/607 \/ L-28. 601 (30 minutes \/ about \u20ac2.75 \/ person).  <\/li>\n<\/ul>\n","protected":false},"excerpt":{"rendered":"<p>The hotel is located in the northern part of Girona, in a quiet area at the gateway to the city surrounded by gardens, very close to the old town and opposite the Josep Trueta hospital. The Girona-Fontajau Sports Hall lies only 500 metres away and the Celler de Can Roca is situated 1 kilometre away. [&hellip;]<\/p>\n","protected":false},"author":1,"featured_media":0,"parent":0,"menu_order":-6,"comment_status":"closed","ping_status":"closed","template":"","meta":{"footnotes":""},"tipus-pagina":[],"class_list":["post-3020","page","type-page","status-publish","hentry"],"meta_box":{"general-config_header":{"general-config_header--inverted":"No"}},"_links":{"self":[{"href":"https:\/\/hotelcostabella.com\/en\/wp-json\/wp\/v2\/pages\/3020","targetHints":{"allow":["GET"]}}],"collection":[{"href":"https:\/\/hotelcostabella.com\/en\/wp-json\/wp\/v2\/pages"}],"about":[{"href":"https:\/\/hotelcostabella.com\/en\/wp-json\/wp\/v2\/types\/page"}],"author":[{"embeddable":true,"href":"https:\/\/hotelcostabella.com\/en\/wp-json\/wp\/v2\/users\/1"}],"replies":[{"embeddable":true,"href":"https:\/\/hotelcostabella.com\/en\/wp-json\/wp\/v2\/comments?post=3020"}],"version-history":[{"count":0,"href":"https:\/\/hotelcostabella.com\/en\/wp-json\/wp\/v2\/pages\/3020\/revisions"}],"wp:attachment":[{"href":"https:\/\/hotelcostabella.com\/en\/wp-json\/wp\/v2\/media?parent=3020"}],"wp:term":[{"taxonomy":"tipus-pagina","embeddable":true,"href":"https:\/\/hotelcostabella.com\/en\/wp-json\/wp\/v2\/tipus-pagina?post=3020"}],"curies":[{"name":"wp","href":"https:\/\/api.w.org\/{rel}","templated":true}]}}